{"id":2732,"date":"2024-05-06T13:43:37","date_gmt":"2024-05-06T13:43:37","guid":{"rendered":"https:\/\/alegrespanishschools.com\/?page_id=2732"},"modified":"2024-06-25T18:30:55","modified_gmt":"2024-06-25T18:30:55","slug":"contact","status":"publish","type":"page","link":"https:\/\/alegrespanishschools.com\/es\/contact\/","title":{"rendered":"Contacto"},"content":{"rendered":"<div data-elementor-type=\"wp-page\" data-elementor-id=\"2732\" class=\"elementor elementor-2732\" data-elementor-post-type=\"page\">\n\t\t\t\t<div class=\"elementor-element elementor-element-6d8b5a6 e-flex e-con-boxed e-con e-parent\" data-id=\"6d8b5a6\" data-element_type=\"container\" data-e-type=\"container\">\n\t\t\t\t\t<div class=\"e-con-inner\">\n\t\t<div class=\"elementor-element elementor-element-9b09250 e-flex e-con-boxed e-con e-child\" data-id=\"9b09250\" data-element_type=\"container\" data-e-type=\"container\">\n\t\t\t\t\t<div class=\"e-con-inner\">\n\t\t<div class=\"elementor-element elementor-element-9acbef4 e-flex e-con-boxed e-con e-child\" data-id=\"9acbef4\" data-element_type=\"container\" data-e-type=\"container\">\n\t\t\t\t\t<div class=\"e-con-inner\">\n\t\t\t\t<div class=\"elementor-element elementor-element-a39c3e6 elementor-widget elementor-widget-image\" data-id=\"a39c3e6\" data-element_type=\"widget\" data-e-type=\"widget\" data-widget_type=\"image.default\">\n\t\t\t\t<div class=\"elementor-widget-container\">\n\t\t\t\t\t\t\t\t\t\t\t\t\t\t\t<img fetchpriority=\"high\" decoding=\"async\" width=\"681\" height=\"599\" src=\"https:\/\/alegrespanishschools.com\/wp-content\/uploads\/2024\/05\/Alegre-Spanish-Schools-course-in-Oaxaca.jpg\" class=\"attachment-full size-full wp-image-2550\" alt=\"Spanish course in Oaxaca Immerse yourself in the cultural richness of this town, cradle of Mezcal, an ancestral drink.\" srcset=\"https:\/\/alegrespanishschools.com\/wp-content\/uploads\/2024\/05\/Alegre-Spanish-Schools-course-in-Oaxaca.jpg 681w, https:\/\/alegrespanishschools.com\/wp-content\/uploads\/2024\/05\/Alegre-Spanish-Schools-course-in-Oaxaca-300x264.jpg 300w\" sizes=\"(max-width: 681px) 100vw, 681px\" \/>\t\t\t\t\t\t\t\t\t\t\t\t\t\t\t<\/div>\n\t\t\t\t<\/div>\n\t\t\t\t\t<\/div>\n\t\t\t\t<\/div>\n\t\t<div class=\"elementor-element elementor-element-80303fc e-flex e-con-boxed e-con e-child\" data-id=\"80303fc\" data-element_type=\"container\" data-e-type=\"container\">\n\t\t\t\t\t<div class=\"e-con-inner\">\n\t\t\t\t<div class=\"elementor-element elementor-element-da73e4b elementor-widget elementor-widget-text-editor\" data-id=\"da73e4b\" data-element_type=\"widget\" data-e-type=\"widget\" data-widget_type=\"text-editor.default\">\n\t\t\t\t<div class=\"elementor-widget-container\">\n\t\t\t\t\t\t\t\t\t<p><b>Contacto<\/b><\/p>\t\t\t\t\t\t\t\t<\/div>\n\t\t\t\t<\/div>\n\t\t\t\t<div class=\"elementor-element elementor-element-ed552dd elementor-widget elementor-widget-heading\" data-id=\"ed552dd\" data-element_type=\"widget\" data-e-type=\"widget\" data-widget_type=\"heading.default\">\n\t\t\t\t<div class=\"elementor-widget-container\">\n\t\t\t\t\t<h2 class=\"elementor-heading-title elementor-size-default translation-block\">\u00bfEst\u00e1s listo para comenzar a <span style=\"color:#E63312\"> estudiar espa\u00f1ol en el extranjero<\/span>?<\/h2>\t\t\t\t<\/div>\n\t\t\t\t<\/div>\n\t\t\t\t<div class=\"elementor-element elementor-element-88227e1 elementor-widget elementor-widget-text-editor\" data-id=\"88227e1\" data-element_type=\"widget\" data-e-type=\"widget\" data-widget_type=\"text-editor.default\">\n\t\t\t\t<div class=\"elementor-widget-container\">\n\t\t\t\t\t\t\t\t\t<p><span style=\"font-weight: 400;\">Ac\u00e9rcate a nosotros y solicita m\u00e1s informaci\u00f3n.<\/span><\/p>\t\t\t\t\t\t\t\t<\/div>\n\t\t\t\t<\/div>\n\t\t\t\t<div class=\"elementor-element elementor-element-4f01d53 elementor-widget elementor-widget-html\" data-id=\"4f01d53\" data-element_type=\"widget\" data-e-type=\"widget\" data-widget_type=\"html.default\">\n\t\t\t\t<div class=\"elementor-widget-container\">\n\t\t\t\t\t<script type=\"text\/javascript\" src=\"https:\/\/api.clientify.net\/web-marketing\/superforms\/script\/193903.js\"><\/script>\t\t\t\t<\/div>\n\t\t\t\t<\/div>\n\t\t\t\t\t<\/div>\n\t\t\t\t<\/div>\n\t\t\t\t\t<\/div>\n\t\t\t\t<\/div>\n\t\t\t\t\t<\/div>\n\t\t\t\t<\/div>\n\t\t\t\t<\/div>","protected":false},"excerpt":{"rendered":"<p>Contact Are you ready to start studying Spanish abroad? Contact us and ask for more information.<\/p>","protected":false},"author":6,"featured_media":0,"parent":0,"menu_order":0,"comment_status":"closed","ping_status":"closed","template":"elementor_header_footer","meta":{"footnotes":""},"class_list":["post-2732","page","type-page","status-publish","hentry"],"yoast_head":"<!-- This site is optimized with the Yoast SEO plugin v27.5 - https:\/\/yoast.com\/product\/yoast-seo-wordpress\/ -->\n<title>Contact - Alegre Spanish Schools<\/title>\n<meta name=\"robots\" content=\"index, follow, max-snippet:-1, max-image-preview:large, max-video-preview:-1\" \/>\n<link rel=\"canonical\" href=\"https:\/\/alegrespanishschools.com\/es\/contact\/\" \/>\n<meta property=\"og:locale\" content=\"es_MX\" \/>\n<meta property=\"og:type\" content=\"article\" \/>\n<meta property=\"og:title\" content=\"Contact - Alegre Spanish Schools\" \/>\n<meta property=\"og:description\" content=\"Contact Are you ready to start studying Spanish abroad? Contact us and ask for more information.\" \/>\n<meta property=\"og:url\" content=\"https:\/\/alegrespanishschools.com\/es\/contact\/\" \/>\n<meta property=\"og:site_name\" content=\"Alegre Spanish Schools\" \/>\n<meta property=\"article:modified_time\" content=\"2024-06-25T18:30:55+00:00\" \/>\n<meta property=\"og:image\" content=\"https:\/\/alegrespanishschools.com\/wp-content\/uploads\/2024\/05\/Alegre-Spanish-Schools-course-in-Oaxaca.jpg\" \/>\n<meta name=\"twitter:card\" content=\"summary_large_image\" \/>\n<meta name=\"twitter:label1\" content=\"Tiempo de lectura\" \/>\n\t<meta name=\"twitter:data1\" content=\"1 minuto\" \/>\n<script type=\"application\/ld+json\" class=\"yoast-schema-graph\">{\"@context\":\"https:\\\/\\\/schema.org\",\"@graph\":[{\"@type\":\"WebPage\",\"@id\":\"https:\\\/\\\/alegrespanishschools.com\\\/contact\\\/\",\"url\":\"https:\\\/\\\/alegrespanishschools.com\\\/contact\\\/\",\"name\":\"Contact - Alegre Spanish Schools\",\"isPartOf\":{\"@id\":\"https:\\\/\\\/alegrespanishschools.com\\\/#website\"},\"primaryImageOfPage\":{\"@id\":\"https:\\\/\\\/alegrespanishschools.com\\\/contact\\\/#primaryimage\"},\"image\":{\"@id\":\"https:\\\/\\\/alegrespanishschools.com\\\/contact\\\/#primaryimage\"},\"thumbnailUrl\":\"https:\\\/\\\/alegrespanishschools.com\\\/wp-content\\\/uploads\\\/2024\\\/05\\\/Alegre-Spanish-Schools-course-in-Oaxaca.jpg\",\"datePublished\":\"2024-05-06T13:43:37+00:00\",\"dateModified\":\"2024-06-25T18:30:55+00:00\",\"breadcrumb\":{\"@id\":\"https:\\\/\\\/alegrespanishschools.com\\\/contact\\\/#breadcrumb\"},\"inLanguage\":\"es\",\"potentialAction\":[{\"@type\":\"ReadAction\",\"target\":[\"https:\\\/\\\/alegrespanishschools.com\\\/contact\\\/\"]}]},{\"@type\":\"ImageObject\",\"inLanguage\":\"es\",\"@id\":\"https:\\\/\\\/alegrespanishschools.com\\\/contact\\\/#primaryimage\",\"url\":\"https:\\\/\\\/alegrespanishschools.com\\\/wp-content\\\/uploads\\\/2024\\\/05\\\/Alegre-Spanish-Schools-course-in-Oaxaca.jpg\",\"contentUrl\":\"https:\\\/\\\/alegrespanishschools.com\\\/wp-content\\\/uploads\\\/2024\\\/05\\\/Alegre-Spanish-Schools-course-in-Oaxaca.jpg\"},{\"@type\":\"BreadcrumbList\",\"@id\":\"https:\\\/\\\/alegrespanishschools.com\\\/contact\\\/#breadcrumb\",\"itemListElement\":[{\"@type\":\"ListItem\",\"position\":1,\"name\":\"Home\",\"item\":\"https:\\\/\\\/alegrespanishschools.com\\\/\"},{\"@type\":\"ListItem\",\"position\":2,\"name\":\"Contact\"}]},{\"@type\":\"WebSite\",\"@id\":\"https:\\\/\\\/alegrespanishschools.com\\\/#website\",\"url\":\"https:\\\/\\\/alegrespanishschools.com\\\/\",\"name\":\"Alegre Spanish Schools\",\"description\":\"\",\"potentialAction\":[{\"@type\":\"SearchAction\",\"target\":{\"@type\":\"EntryPoint\",\"urlTemplate\":\"https:\\\/\\\/alegrespanishschools.com\\\/?s={search_term_string}\"},\"query-input\":{\"@type\":\"PropertyValueSpecification\",\"valueRequired\":true,\"valueName\":\"search_term_string\"}}],\"inLanguage\":\"es\"}]}<\/script>\n<!-- \/ Yoast SEO plugin. -->","yoast_head_json":{"title":"Contact - Alegre Spanish Schools","robots":{"index":"index","follow":"follow","max-snippet":"max-snippet:-1","max-image-preview":"max-image-preview:large","max-video-preview":"max-video-preview:-1"},"canonical":"https:\/\/alegrespanishschools.com\/es\/contact\/","og_locale":"es_MX","og_type":"article","og_title":"Contact - Alegre Spanish Schools","og_description":"Contact Are you ready to start studying Spanish abroad? Contact us and ask for more information.","og_url":"https:\/\/alegrespanishschools.com\/es\/contact\/","og_site_name":"Alegre Spanish Schools","article_modified_time":"2024-06-25T18:30:55+00:00","og_image":[{"url":"https:\/\/alegrespanishschools.com\/wp-content\/uploads\/2024\/05\/Alegre-Spanish-Schools-course-in-Oaxaca.jpg","type":"","width":"","height":""}],"twitter_card":"summary_large_image","twitter_misc":{"Tiempo de lectura":"1 minuto"},"schema":{"@context":"https:\/\/schema.org","@graph":[{"@type":"WebPage","@id":"https:\/\/alegrespanishschools.com\/contact\/","url":"https:\/\/alegrespanishschools.com\/contact\/","name":"Contact - Alegre Spanish Schools","isPartOf":{"@id":"https:\/\/alegrespanishschools.com\/#website"},"primaryImageOfPage":{"@id":"https:\/\/alegrespanishschools.com\/contact\/#primaryimage"},"image":{"@id":"https:\/\/alegrespanishschools.com\/contact\/#primaryimage"},"thumbnailUrl":"https:\/\/alegrespanishschools.com\/wp-content\/uploads\/2024\/05\/Alegre-Spanish-Schools-course-in-Oaxaca.jpg","datePublished":"2024-05-06T13:43:37+00:00","dateModified":"2024-06-25T18:30:55+00:00","breadcrumb":{"@id":"https:\/\/alegrespanishschools.com\/contact\/#breadcrumb"},"inLanguage":"es","potentialAction":[{"@type":"ReadAction","target":["https:\/\/alegrespanishschools.com\/contact\/"]}]},{"@type":"ImageObject","inLanguage":"es","@id":"https:\/\/alegrespanishschools.com\/contact\/#primaryimage","url":"https:\/\/alegrespanishschools.com\/wp-content\/uploads\/2024\/05\/Alegre-Spanish-Schools-course-in-Oaxaca.jpg","contentUrl":"https:\/\/alegrespanishschools.com\/wp-content\/uploads\/2024\/05\/Alegre-Spanish-Schools-course-in-Oaxaca.jpg"},{"@type":"BreadcrumbList","@id":"https:\/\/alegrespanishschools.com\/contact\/#breadcrumb","itemListElement":[{"@type":"ListItem","position":1,"name":"Home","item":"https:\/\/alegrespanishschools.com\/"},{"@type":"ListItem","position":2,"name":"Contact"}]},{"@type":"WebSite","@id":"https:\/\/alegrespanishschools.com\/#website","url":"https:\/\/alegrespanishschools.com\/","name":"Alegre Spanish Schools","description":"","potentialAction":[{"@type":"SearchAction","target":{"@type":"EntryPoint","urlTemplate":"https:\/\/alegrespanishschools.com\/?s={search_term_string}"},"query-input":{"@type":"PropertyValueSpecification","valueRequired":true,"valueName":"search_term_string"}}],"inLanguage":"es"}]}},"_links":{"self":[{"href":"https:\/\/alegrespanishschools.com\/es\/wp-json\/wp\/v2\/pages\/2732","targetHints":{"allow":["GET"]}}],"collection":[{"href":"https:\/\/alegrespanishschools.com\/es\/wp-json\/wp\/v2\/pages"}],"about":[{"href":"https:\/\/alegrespanishschools.com\/es\/wp-json\/wp\/v2\/types\/page"}],"author":[{"embeddable":true,"href":"https:\/\/alegrespanishschools.com\/es\/wp-json\/wp\/v2\/users\/6"}],"replies":[{"embeddable":true,"href":"https:\/\/alegrespanishschools.com\/es\/wp-json\/wp\/v2\/comments?post=2732"}],"version-history":[{"count":121,"href":"https:\/\/alegrespanishschools.com\/es\/wp-json\/wp\/v2\/pages\/2732\/revisions"}],"predecessor-version":[{"id":4227,"href":"https:\/\/alegrespanishschools.com\/es\/wp-json\/wp\/v2\/pages\/2732\/revisions\/4227"}],"wp:attachment":[{"href":"https:\/\/alegrespanishschools.com\/es\/wp-json\/wp\/v2\/media?parent=2732"}],"curies":[{"name":"wp","href":"https:\/\/api.w.org\/{rel}","templated":true}]}}